{"id":207,"date":"2019-03-30T14:40:06","date_gmt":"2019-03-30T14:40:06","guid":{"rendered":"http:\/\/zapalznicz.pl\/?page_id=207"},"modified":"2019-03-30T14:40:50","modified_gmt":"2019-03-30T14:40:50","slug":"zgloszenie-nagrobka","status":"publish","type":"page","link":"https:\/\/zapalznicz.pl\/index.php\/zgloszenie-nagrobka\/","title":{"rendered":"Zg\u0142oszenie nagrobka"},"content":{"rendered":"\n<div class=\"wpforms-container wpforms-container-full\" id=\"wpforms-206\"><form id=\"wpforms-form-206\" class=\"wpforms-validate wpforms-form\" data-formid=\"206\" method=\"post\" enctype=\"multipart\/form-data\" action=\"\/index.php\/wp-json\/wp\/v2\/pages\/207\" data-token=\"f790e800f80181e985feca7e2db12115\"><noscript class=\"wpforms-error-noscript\">Please enable JavaScript in your browser to complete this form.<\/noscript><div class=\"wpforms-field-container\"><div id=\"wpforms-206-field_0-container\" class=\"wpforms-field wpforms-field-name\" data-field-id=\"0\"><label class=\"wpforms-field-label\" for=\"wpforms-206-field_0\">Imi\u0119 i Nazwisko <span class=\"wpforms-required-label\">*<\/span><\/label><input type=\"text\" id=\"wpforms-206-field_0\" class=\"wpforms-field-medium wpforms-field-required\" name=\"wpforms[fields][0]\" required><\/div><div id=\"wpforms-206-field_5-container\" class=\"wpforms-field wpforms-field-name\" data-field-id=\"5\"><label class=\"wpforms-field-label\" for=\"wpforms-206-field_5\">Numer telefonu<\/label><input type=\"text\" id=\"wpforms-206-field_5\" class=\"wpforms-field-medium\" name=\"wpforms[fields][5]\" ><\/div><div id=\"wpforms-206-field_1-container\" class=\"wpforms-field wpforms-field-email\" data-field-id=\"1\"><label class=\"wpforms-field-label\" for=\"wpforms-206-field_1\">Email <span class=\"wpforms-required-label\">*<\/span><\/label><input type=\"email\" id=\"wpforms-206-field_1\" class=\"wpforms-field-medium wpforms-field-required\" name=\"wpforms[fields][1]\" required><\/div><div id=\"wpforms-206-field_3-container\" class=\"wpforms-field wpforms-field-text\" data-field-id=\"3\"><label class=\"wpforms-field-label\" for=\"wpforms-206-field_3\">Imi\u0119 i Nazwisko osoby pochowanej (lub pochowanych)<\/label><input type=\"text\" id=\"wpforms-206-field_3\" class=\"wpforms-field-medium\" name=\"wpforms[fields][3]\" ><\/div><div id=\"wpforms-206-field_13-container\" class=\"wpforms-field wpforms-field-text\" data-field-id=\"13\"><label class=\"wpforms-field-label\" for=\"wpforms-206-field_13\">Pole \/ rz\u0105d \/ miejsce poch\u00f3wku<\/label><input type=\"text\" id=\"wpforms-206-field_13\" class=\"wpforms-field-medium\" name=\"wpforms[fields][13]\" ><\/div><div id=\"wpforms-206-field_6-container\" class=\"wpforms-field wpforms-field-text\" data-field-id=\"6\"><label class=\"wpforms-field-label\" for=\"wpforms-206-field_6\">Nazwa cmentarza lub miejscowo\u015b\u0107 <span class=\"wpforms-required-label\">*<\/span><\/label><input type=\"text\" id=\"wpforms-206-field_6\" class=\"wpforms-field-medium wpforms-field-required\" name=\"wpforms[fields][6]\" required><\/div><div id=\"wpforms-206-field_11-container\" class=\"wpforms-field wpforms-field-text\" data-field-id=\"11\"><label class=\"wpforms-field-label\" for=\"wpforms-206-field_11\">Sugerowana data wykonania zlecenia<\/label><input type=\"text\" id=\"wpforms-206-field_11\" class=\"wpforms-field-medium\" name=\"wpforms[fields][11]\" placeholder=\"dzie\u0144\/miesi\u0105c\/rok\" ><\/div><div id=\"wpforms-206-field_7-container\" class=\"wpforms-field wpforms-field-checkbox\" data-field-id=\"7\"><label class=\"wpforms-field-label\" for=\"wpforms-206-field_7\">Czy chc\u0119 zleca\u0107 regularnie?<\/label><ul id=\"wpforms-206-field_7\"><li class=\"choice-1 depth-1\"><input type=\"checkbox\" id=\"wpforms-206-field_7_1\" name=\"wpforms[fields][7][]\" value=\"Tak, us\u0142uga sta\u0142a\"  ><label class=\"wpforms-field-label-inline\" for=\"wpforms-206-field_7_1\">Tak, us\u0142uga sta\u0142a<\/label><\/li><li class=\"choice-2 depth-1\"><input type=\"checkbox\" id=\"wpforms-206-field_7_2\" name=\"wpforms[fields][7][]\" value=\"Nie, us\u0142uga jednorazowa\"  ><label class=\"wpforms-field-label-inline\" for=\"wpforms-206-field_7_2\">Nie, us\u0142uga jednorazowa<\/label><\/li><\/ul><\/div><div id=\"wpforms-206-field_12-container\" class=\"wpforms-field wpforms-field-checkbox\" data-field-id=\"12\"><label class=\"wpforms-field-label\" for=\"wpforms-206-field_12\">Klauzula RODO  <span class=\"wpforms-required-label\">*<\/span><\/label><ul id=\"wpforms-206-field_12\" class=\"wpforms-field-required\"><li class=\"choice-1 depth-1\"><input type=\"checkbox\" id=\"wpforms-206-field_12_1\" name=\"wpforms[fields][12][]\" value=\"&quot;Wyra\u017cam zgod\u0119 na przetwarzanie moich danych osobowych zgodnie z ustaw\u0105 o ochronie danych osobowych dla potrzeb niezb\u0119dnych do realizacji zlecenia oraz wystawienia faktury VAT. Podanie danych jest dobrowolne ale niezb\u0119dne do przetworzenia zlecenia. Zosta\u0142em poinformowany, \u017ce przys\u0142uguje mi prawo dost\u0119pu do swoich danych, mo\u017cliwo\u015bci ich poprawiania, \u017c\u0105dania zaprzestania ich przetwarzania. Administartorem danych osobowych jest firma: INTRASTATY Bart\u0142omiej Olczykowski, ul. Rafa\u0142a Wojaczka 8 \/ 9, 51-169 Wroc\u0142aw.&quot;\" required ><label class=\"wpforms-field-label-inline\" for=\"wpforms-206-field_12_1\">\"Wyra\u017cam zgod\u0119 na przetwarzanie moich danych osobowych zgodnie z ustaw\u0105 o ochronie danych osobowych dla potrzeb niezb\u0119dnych do realizacji zlecenia oraz wystawienia faktury VAT. Podanie danych jest dobrowolne ale niezb\u0119dne do przetworzenia zlecenia. Zosta\u0142em poinformowany, \u017ce przys\u0142uguje mi prawo dost\u0119pu do swoich danych, mo\u017cliwo\u015bci ich poprawiania, \u017c\u0105dania zaprzestania ich przetwarzania. Administartorem danych osobowych jest firma: INTRASTATY Bart\u0142omiej Olczykowski, ul. Rafa\u0142a Wojaczka 8 \/ 9, 51-169 Wroc\u0142aw.\"<\/label><\/li><\/ul><\/div><\/div><div class=\"wpforms-field wpforms-field-hp\"><label for=\"wpforms-206-field-hp\" class=\"wpforms-field-label\">Message<\/label><input type=\"text\" name=\"wpforms[hp]\" id=\"wpforms-206-field-hp\" class=\"wpforms-field-medium\"><\/div><div class=\"wpforms-submit-container\"><input type=\"hidden\" name=\"wpforms[id]\" value=\"206\"><input type=\"hidden\" name=\"wpforms[author]\" value=\"1\"><button type=\"submit\" name=\"wpforms[submit]\" id=\"wpforms-submit-206\" class=\"wpforms-submit\" data-alt-text=\"Wysy\u0142anie...\" data-submit-text=\"Wy\u015blij\" aria-live=\"assertive\" value=\"wpforms-submit\">Wy\u015blij<\/button><\/div><\/form><\/div>  <!-- .wpforms-container -->\n","protected":false},"excerpt":{"rendered":"","protected":false},"author":1,"featured_media":0,"parent":0,"menu_order":0,"comment_status":"closed","ping_status":"closed","template":"home-page.php","meta":{"footnotes":""},"class_list":["post-207","page","type-page","status-publish","hentry"],"_links":{"self":[{"href":"https:\/\/zapalznicz.pl\/index.php\/wp-json\/wp\/v2\/pages\/207","targetHints":{"allow":["GET"]}}],"collection":[{"href":"https:\/\/zapalznicz.pl\/index.php\/wp-json\/wp\/v2\/pages"}],"about":[{"href":"https:\/\/zapalznicz.pl\/index.php\/wp-json\/wp\/v2\/types\/page"}],"author":[{"embeddable":true,"href":"https:\/\/zapalznicz.pl\/index.php\/wp-json\/wp\/v2\/users\/1"}],"replies":[{"embeddable":true,"href":"https:\/\/zapalznicz.pl\/index.php\/wp-json\/wp\/v2\/comments?post=207"}],"version-history":[{"count":1,"href":"https:\/\/zapalznicz.pl\/index.php\/wp-json\/wp\/v2\/pages\/207\/revisions"}],"predecessor-version":[{"id":209,"href":"https:\/\/zapalznicz.pl\/index.php\/wp-json\/wp\/v2\/pages\/207\/revisions\/209"}],"wp:attachment":[{"href":"https:\/\/zapalznicz.pl\/index.php\/wp-json\/wp\/v2\/media?parent=207"}],"curies":[{"name":"wp","href":"https:\/\/api.w.org\/{rel}","templated":true}]}}