{"id":19,"date":"2019-03-29T11:15:56","date_gmt":"2019-03-29T11:15:56","guid":{"rendered":"http:\/\/zapalznicz.pl\/?page_id=19"},"modified":"2021-02-09T11:16:07","modified_gmt":"2021-02-09T11:16:07","slug":"kontakt","status":"publish","type":"page","link":"https:\/\/zapalznicz.pl\/index.php\/kontakt\/","title":{"rendered":"Kontakt"},"content":{"rendered":"\n<div class=\"clearfix _o46 _3erg _29_7 direction_ltr text_align_ltr\">\n<div id=\"js_ck\" class=\"_3058 _ui9 _hh7 _6ybn _s1- _52mr _3oh-\" data-tooltip-content=\"08:04\" data-hover=\"tooltip\" data-tooltip-position=\"left\" aria-describedby=\"js_32\">\n<div class=\"_aok\" tabindex=\"0\" aria-label=\"INTRASTATY Bart\u0142omiej Olczykowski\nul. Rafa\u0142a Wojaczka 8 \/ 9\n51-169 Wroc\u0142aw\nNIP: 9111779103\">\u00a0<\/div>\n<div class=\"_aok\" tabindex=\"0\" aria-label=\"INTRASTATY Bart\u0142omiej Olczykowski\nul. Rafa\u0142a Wojaczka 8 \/ 9\n51-169 Wroc\u0142aw\nNIP: 9111779103\">\n<p><span style=\"color: #000000;\"><span style=\"font-family: Arial, serif;\"><span style=\"font-size: medium;\">INTRASTATY Bart\u0142omiej Olczykowski\u00a0<br \/><\/span><\/span><\/span><\/p>\n<p><span style=\"color: #000000;\"><span style=\"font-family: Arial, serif;\"><span style=\"font-size: medium;\">ul. Rafa\u0142a Wojaczka 8 \/ 9\u00a0<br \/><\/span><\/span><\/span><\/p>\n<p><span style=\"font-family: Arial, serif; color: #000000;\"><span style=\"font-size: medium;\">51-169 Wroc\u0142aw<\/span><\/span><\/p>\n<p>\u00a0<\/p>\n<p><span style=\"font-family: Arial, serif; color: #000000;\"><span style=\"font-size: medium;\">NIP: 9111779103\u00a0<br \/>REGON: 367197047<\/span><\/span><\/p>\n<p>\u00a0<\/p>\n<p><span style=\"color: #000000;\">Tel: <span style=\"font-family: Arial, serif;\"><span style=\"font-size: medium;\">888 996 714<\/span><\/span><\/span><\/p>\n<p>\u00a0<\/p>\n<p><span style=\"font-family: Arial, serif; color: #000000;\"><span style=\"font-size: medium;\"><b>Nr konta bankowego:<\/b><\/span><\/span><\/p>\n<p><span style=\"font-family: Arial, serif; color: #000000;\"><span style=\"font-size: medium;\">BankPekaoSA. <br \/><\/span><\/span><\/p>\n<p><span style=\"color: #000000;\"><span style=\"font-family: Arial, serif;\"><span style=\"font-size: medium;\">38 1950 0001 2006 0024 2085 0001<\/span><\/span><\/span><\/p>\n<p>\u00a0<\/p>\n<\/div>\n<h4>Masz pytania napisz lub zadzwo\u0144<\/h4>\n<p>\u00a0<\/p>\n<div class=\"wpforms-container wpforms-container-full\" id=\"wpforms-181\"><form id=\"wpforms-form-181\" class=\"wpforms-validate wpforms-form\" data-formid=\"181\" method=\"post\" enctype=\"multipart\/form-data\" action=\"\/index.php\/wp-json\/wp\/v2\/pages\/19\" data-token=\"5fec43e3432280c2c523780366c65108\"><noscript class=\"wpforms-error-noscript\">Please enable JavaScript in your browser to complete this form.<\/noscript><div class=\"wpforms-field-container\"><div id=\"wpforms-181-field_0-container\" class=\"wpforms-field wpforms-field-name\" data-field-id=\"0\"><label class=\"wpforms-field-label\" for=\"wpforms-181-field_0\">Imi\u0119 i Nazwisko <span class=\"wpforms-required-label\">*<\/span><\/label><input type=\"text\" id=\"wpforms-181-field_0\" class=\"wpforms-field-medium wpforms-field-required\" name=\"wpforms[fields][0]\" required><\/div><div id=\"wpforms-181-field_1-container\" class=\"wpforms-field wpforms-field-email\" data-field-id=\"1\"><label class=\"wpforms-field-label\" for=\"wpforms-181-field_1\">Email <span class=\"wpforms-required-label\">*<\/span><\/label><input type=\"email\" id=\"wpforms-181-field_1\" class=\"wpforms-field-medium wpforms-field-required\" name=\"wpforms[fields][1]\" required><\/div><div id=\"wpforms-181-field_2-container\" class=\"wpforms-field wpforms-field-textarea\" data-field-id=\"2\"><label class=\"wpforms-field-label\" for=\"wpforms-181-field_2\">Wiadomo\u015b\u0107 <span class=\"wpforms-required-label\">*<\/span><\/label><textarea id=\"wpforms-181-field_2\" class=\"wpforms-field-medium wpforms-field-required\" name=\"wpforms[fields][2]\" required><\/textarea><\/div><div id=\"wpforms-181-field_3-container\" class=\"wpforms-field wpforms-field-checkbox\" data-field-id=\"3\"><label class=\"wpforms-field-label\" for=\"wpforms-181-field_3\">Klauzula RODO <span class=\"wpforms-required-label\">*<\/span><\/label><ul id=\"wpforms-181-field_3\" class=\"wpforms-field-required\"><li class=\"choice-1 depth-1\"><input type=\"checkbox\" id=\"wpforms-181-field_3_1\" name=\"wpforms[fields][3][]\" value=\"&quot;Wyra\u017cam zgod\u0119 na przetwarzanie moich danych osobowych zgodnie z ustaw\u0105 o ochronie danych osobowych dla potrzeb niezb\u0119dnych do realizacji zlecenia oraz wystawienia faktury VAT. Podanie danych jest dobrowolne ale niezb\u0119dne do przetworzenia zlecenia. Zosta\u0142em poinformowany, \u017ce przys\u0142uguje mi prawo dost\u0119pu do swoich danych, mo\u017cliwo\u015bci ich poprawiania, \u017c\u0105dania zaprzestania ich przetwarzania. Administartorem danych osobowych jest firma: INTRASTATY Bart\u0142omiej Olczykowski, ul. Rafa\u0142a Wojaczka 8 \/ 9, 51-169 Wroc\u0142aw.&quot;\" required ><label class=\"wpforms-field-label-inline\" for=\"wpforms-181-field_3_1\">\"Wyra\u017cam zgod\u0119 na przetwarzanie moich danych osobowych zgodnie z ustaw\u0105 o ochronie danych osobowych dla potrzeb niezb\u0119dnych do realizacji zlecenia oraz wystawienia faktury VAT. Podanie danych jest dobrowolne ale niezb\u0119dne do przetworzenia zlecenia. Zosta\u0142em poinformowany, \u017ce przys\u0142uguje mi prawo dost\u0119pu do swoich danych, mo\u017cliwo\u015bci ich poprawiania, \u017c\u0105dania zaprzestania ich przetwarzania. Administartorem danych osobowych jest firma: INTRASTATY Bart\u0142omiej Olczykowski, ul. Rafa\u0142a Wojaczka 8 \/ 9, 51-169 Wroc\u0142aw.\"<\/label><\/li><\/ul><\/div><\/div><div class=\"wpforms-field wpforms-field-hp\"><label for=\"wpforms-181-field-hp\" class=\"wpforms-field-label\">Message<\/label><input type=\"text\" name=\"wpforms[hp]\" id=\"wpforms-181-field-hp\" class=\"wpforms-field-medium\"><\/div><div class=\"wpforms-submit-container\"><input type=\"hidden\" name=\"wpforms[id]\" value=\"181\"><input type=\"hidden\" name=\"wpforms[author]\" value=\"1\"><button type=\"submit\" name=\"wpforms[submit]\" id=\"wpforms-submit-181\" class=\"wpforms-submit\" data-alt-text=\"Wysy\u0142anie...\" data-submit-text=\"Wy\u015blij\" aria-live=\"assertive\" value=\"wpforms-submit\">Wy\u015blij<\/button><\/div><\/form><\/div>  <!-- .wpforms-container -->\n<\/div>\n<\/div>\n<p>\u00a0<\/p>\n","protected":false},"excerpt":{"rendered":"<p>\u00a0 INTRASTATY Bart\u0142omiej Olczykowski\u00a0 ul. Rafa\u0142a Wojaczka 8 \/ 9\u00a0 51-169 Wroc\u0142aw \u00a0 NIP: 9111779103\u00a0REGON: 367197047 \u00a0 Tel: 888 996 714 \u00a0 Nr konta bankowego: BankPekaoSA. 38 1950 0001 2006 0024 2085 0001 \u00a0 Masz pytania napisz lub zadzwo\u0144 \u00a0 \u00a0<\/p>\n","protected":false},"author":1,"featured_media":0,"parent":0,"menu_order":0,"comment_status":"closed","ping_status":"closed","template":"","meta":{"footnotes":""},"class_list":["post-19","page","type-page","status-publish","hentry"],"_links":{"self":[{"href":"https:\/\/zapalznicz.pl\/index.php\/wp-json\/wp\/v2\/pages\/19","targetHints":{"allow":["GET"]}}],"collection":[{"href":"https:\/\/zapalznicz.pl\/index.php\/wp-json\/wp\/v2\/pages"}],"about":[{"href":"https:\/\/zapalznicz.pl\/index.php\/wp-json\/wp\/v2\/types\/page"}],"author":[{"embeddable":true,"href":"https:\/\/zapalznicz.pl\/index.php\/wp-json\/wp\/v2\/users\/1"}],"replies":[{"embeddable":true,"href":"https:\/\/zapalznicz.pl\/index.php\/wp-json\/wp\/v2\/comments?post=19"}],"version-history":[{"count":22,"href":"https:\/\/zapalznicz.pl\/index.php\/wp-json\/wp\/v2\/pages\/19\/revisions"}],"predecessor-version":[{"id":412,"href":"https:\/\/zapalznicz.pl\/index.php\/wp-json\/wp\/v2\/pages\/19\/revisions\/412"}],"wp:attachment":[{"href":"https:\/\/zapalznicz.pl\/index.php\/wp-json\/wp\/v2\/media?parent=19"}],"curies":[{"name":"wp","href":"https:\/\/api.w.org\/{rel}","templated":true}]}}